{"id":2304,"date":"2022-03-03T14:02:00","date_gmt":"2022-03-03T13:02:00","guid":{"rendered":"https:\/\/www.nia.no\/vemork\/"},"modified":"2026-03-18T11:11:15","modified_gmt":"2026-03-18T10:11:15","slug":"vemork","status":"publish","type":"page","link":"https:\/\/www.nia.no\/en\/vemork\/","title":{"rendered":"Vemork"},"content":{"rendered":"","protected":false},"excerpt":{"rendered":"","protected":false},"author":3,"featured_media":0,"parent":0,"menu_order":0,"comment_status":"closed","ping_status":"closed","template":"venue.php","meta":{"_acf_changed":true,"_et_pb_use_builder":"","_et_pb_old_content":"","_et_gb_content_width":"","inline_featured_image":false,"footnotes":""},"categories":[],"tags":[],"venue":[59],"class_list":["post-2304","page","type-page","status-publish","hentry","venue-vemork"],"acf":[],"yoast_head":"<!-- This site is optimized with the Yoast SEO plugin v27.2 - https:\/\/yoast.com\/product\/yoast-seo-wordpress\/ -->\n<title>Vemork - NIA - Norsk Industriarbeidermuseum<\/title>\n<meta name=\"description\" content=\"Opplev det som en gang var verdens st\u00f8rste kraftstasjon, og som n\u00e5 st\u00e5r p\u00e5 UNESCOs verdensarvliste som del av Rjukan-Notodden Industriarv.\" \/>\n<meta name=\"robots\" content=\"index, follow, max-snippet:-1, max-image-preview:large, max-video-preview:-1\" \/>\n<link rel=\"canonical\" href=\"https:\/\/www.nia.no\/en\/vemork\/\" \/>\n<meta property=\"og:locale\" content=\"en_US\" \/>\n<meta property=\"og:type\" content=\"article\" \/>\n<meta property=\"og:title\" content=\"Vemork - NIA - Norsk Industriarbeidermuseum\" \/>\n<meta property=\"og:description\" content=\"Opplev det som en gang var verdens st\u00f8rste kraftstasjon, og som n\u00e5 st\u00e5r p\u00e5 UNESCOs verdensarvliste som del av Rjukan-Notodden Industriarv.\" \/>\n<meta property=\"og:url\" content=\"https:\/\/www.nia.no\/en\/vemork\/\" \/>\n<meta property=\"og:site_name\" content=\"NIA\" \/>\n<meta property=\"article:modified_time\" content=\"2026-03-18T10:11:15+00:00\" \/>\n<meta name=\"twitter:card\" content=\"summary_large_image\" \/>\n<script type=\"application\/ld+json\" class=\"yoast-schema-graph\">{\"@context\":\"https:\/\/schema.org\",\"@graph\":[{\"@type\":\"WebPage\",\"@id\":\"https:\/\/www.nia.no\/en\/vemork\/\",\"url\":\"https:\/\/www.nia.no\/en\/vemork\/\",\"name\":\"Vemork - NIA - Norsk Industriarbeidermuseum\",\"isPartOf\":{\"@id\":\"https:\/\/www.nia.no\/en\/#website\"},\"datePublished\":\"2022-03-03T13:02:00+00:00\",\"dateModified\":\"2026-03-18T10:11:15+00:00\",\"description\":\"Opplev det som en gang var verdens st\u00f8rste kraftstasjon, og som n\u00e5 st\u00e5r p\u00e5 UNESCOs verdensarvliste som del av Rjukan-Notodden Industriarv.\",\"breadcrumb\":{\"@id\":\"https:\/\/www.nia.no\/en\/vemork\/#breadcrumb\"},\"inLanguage\":\"en-US\",\"potentialAction\":[{\"@type\":\"ReadAction\",\"target\":[\"https:\/\/www.nia.no\/en\/vemork\/\"]}]},{\"@type\":\"BreadcrumbList\",\"@id\":\"https:\/\/www.nia.no\/en\/vemork\/#breadcrumb\",\"itemListElement\":[{\"@type\":\"ListItem\",\"position\":1,\"name\":\"Hjem\",\"item\":\"https:\/\/www.nia.no\/en\/\"},{\"@type\":\"ListItem\",\"position\":2,\"name\":\"Vemork\"}]},{\"@type\":\"WebSite\",\"@id\":\"https:\/\/www.nia.no\/en\/#website\",\"url\":\"https:\/\/www.nia.no\/en\/\",\"name\":\"NIA\",\"description\":\"Norsk Industriarbeidermuseum\",\"publisher\":{\"@id\":\"https:\/\/www.nia.no\/en\/#organization\"},\"potentialAction\":[{\"@type\":\"SearchAction\",\"target\":{\"@type\":\"EntryPoint\",\"urlTemplate\":\"https:\/\/www.nia.no\/en\/?s={search_term_string}\"},\"query-input\":{\"@type\":\"PropertyValueSpecification\",\"valueRequired\":true,\"valueName\":\"search_term_string\"}}],\"inLanguage\":\"en-US\"},{\"@type\":\"Organization\",\"@id\":\"https:\/\/www.nia.no\/en\/#organization\",\"name\":\"NIA\",\"url\":\"https:\/\/www.nia.no\/en\/\",\"logo\":{\"@type\":\"ImageObject\",\"inLanguage\":\"en-US\",\"@id\":\"https:\/\/www.nia.no\/en\/#\/schema\/logo\/image\/\",\"url\":\"https:\/\/www.nia.no\/wp-content\/uploads\/2022\/03\/logo.svg\",\"contentUrl\":\"https:\/\/www.nia.no\/wp-content\/uploads\/2022\/03\/logo.svg\",\"caption\":\"NIA\"},\"image\":{\"@id\":\"https:\/\/www.nia.no\/en\/#\/schema\/logo\/image\/\"}}]}<\/script>\n<!-- \/ Yoast SEO plugin. -->","yoast_head_json":{"title":"Vemork - NIA - Norsk Industriarbeidermuseum","description":"Opplev det som en gang var verdens st\u00f8rste kraftstasjon, og som n\u00e5 st\u00e5r p\u00e5 UNESCOs verdensarvliste som del av Rjukan-Notodden Industriarv.","robots":{"index":"index","follow":"follow","max-snippet":"max-snippet:-1","max-image-preview":"max-image-preview:large","max-video-preview":"max-video-preview:-1"},"canonical":"https:\/\/www.nia.no\/en\/vemork\/","og_locale":"en_US","og_type":"article","og_title":"Vemork - NIA - Norsk Industriarbeidermuseum","og_description":"Opplev det som en gang var verdens st\u00f8rste kraftstasjon, og som n\u00e5 st\u00e5r p\u00e5 UNESCOs verdensarvliste som del av Rjukan-Notodden Industriarv.","og_url":"https:\/\/www.nia.no\/en\/vemork\/","og_site_name":"NIA","article_modified_time":"2026-03-18T10:11:15+00:00","twitter_card":"summary_large_image","schema":{"@context":"https:\/\/schema.org","@graph":[{"@type":"WebPage","@id":"https:\/\/www.nia.no\/en\/vemork\/","url":"https:\/\/www.nia.no\/en\/vemork\/","name":"Vemork - NIA - Norsk Industriarbeidermuseum","isPartOf":{"@id":"https:\/\/www.nia.no\/en\/#website"},"datePublished":"2022-03-03T13:02:00+00:00","dateModified":"2026-03-18T10:11:15+00:00","description":"Opplev det som en gang var verdens st\u00f8rste kraftstasjon, og som n\u00e5 st\u00e5r p\u00e5 UNESCOs verdensarvliste som del av Rjukan-Notodden Industriarv.","breadcrumb":{"@id":"https:\/\/www.nia.no\/en\/vemork\/#breadcrumb"},"inLanguage":"en-US","potentialAction":[{"@type":"ReadAction","target":["https:\/\/www.nia.no\/en\/vemork\/"]}]},{"@type":"BreadcrumbList","@id":"https:\/\/www.nia.no\/en\/vemork\/#breadcrumb","itemListElement":[{"@type":"ListItem","position":1,"name":"Hjem","item":"https:\/\/www.nia.no\/en\/"},{"@type":"ListItem","position":2,"name":"Vemork"}]},{"@type":"WebSite","@id":"https:\/\/www.nia.no\/en\/#website","url":"https:\/\/www.nia.no\/en\/","name":"NIA","description":"Norsk Industriarbeidermuseum","publisher":{"@id":"https:\/\/www.nia.no\/en\/#organization"},"potentialAction":[{"@type":"SearchAction","target":{"@type":"EntryPoint","urlTemplate":"https:\/\/www.nia.no\/en\/?s={search_term_string}"},"query-input":{"@type":"PropertyValueSpecification","valueRequired":true,"valueName":"search_term_string"}}],"inLanguage":"en-US"},{"@type":"Organization","@id":"https:\/\/www.nia.no\/en\/#organization","name":"NIA","url":"https:\/\/www.nia.no\/en\/","logo":{"@type":"ImageObject","inLanguage":"en-US","@id":"https:\/\/www.nia.no\/en\/#\/schema\/logo\/image\/","url":"https:\/\/www.nia.no\/wp-content\/uploads\/2022\/03\/logo.svg","contentUrl":"https:\/\/www.nia.no\/wp-content\/uploads\/2022\/03\/logo.svg","caption":"NIA"},"image":{"@id":"https:\/\/www.nia.no\/en\/#\/schema\/logo\/image\/"}}]}},"_links":{"self":[{"href":"https:\/\/www.nia.no\/en\/wp-json\/wp\/v2\/pages\/2304","targetHints":{"allow":["GET"]}}],"collection":[{"href":"https:\/\/www.nia.no\/en\/wp-json\/wp\/v2\/pages"}],"about":[{"href":"https:\/\/www.nia.no\/en\/wp-json\/wp\/v2\/types\/page"}],"author":[{"embeddable":true,"href":"https:\/\/www.nia.no\/en\/wp-json\/wp\/v2\/users\/3"}],"replies":[{"embeddable":true,"href":"https:\/\/www.nia.no\/en\/wp-json\/wp\/v2\/comments?post=2304"}],"version-history":[{"count":0,"href":"https:\/\/www.nia.no\/en\/wp-json\/wp\/v2\/pages\/2304\/revisions"}],"wp:attachment":[{"href":"https:\/\/www.nia.no\/en\/wp-json\/wp\/v2\/media?parent=2304"}],"wp:term":[{"taxonomy":"category","embeddable":true,"href":"https:\/\/www.nia.no\/en\/wp-json\/wp\/v2\/categories?post=2304"},{"taxonomy":"post_tag","embeddable":true,"href":"https:\/\/www.nia.no\/en\/wp-json\/wp\/v2\/tags?post=2304"},{"taxonomy":"venue","embeddable":true,"href":"https:\/\/www.nia.no\/en\/wp-json\/wp\/v2\/venue?post=2304"}],"curies":[{"name":"wp","href":"https:\/\/api.w.org\/{rel}","templated":true}]}}